{"id":4004,"date":"2023-05-17T15:02:33","date_gmt":"2023-05-17T12:02:33","guid":{"rendered":"https:\/\/mpmindustries.eu\/?page_id=4004"},"modified":"2023-06-05T11:01:25","modified_gmt":"2023-06-05T08:01:25","slug":"privacy-policy","status":"publish","type":"page","link":"https:\/\/mpmindustries.eu\/lt\/privacy-policy\/","title":{"rendered":"Privatumo politika"},"content":{"rendered":"<div data-elementor-type=\"wp-page\" data-elementor-id=\"4004\" class=\"elementor elementor-4004\" data-elementor-post-type=\"page\">\n\t\t\t\t\t\t<section class=\"elementor-section elementor-top-section elementor-element elementor-element-d816142 elementor-section-boxed elementor-section-height-default elementor-section-height-default\" data-id=\"d816142\" data-element_type=\"section\">\n\t\t\t\t\t\t<div class=\"elementor-container elementor-column-gap-default\">\n\t\t\t\t\t<div class=\"elementor-column elementor-col-100 elementor-top-column elementor-element elementor-element-5929304\" data-id=\"5929304\" data-element_type=\"column\">\n\t\t\t<div class=\"elementor-widget-wrap elementor-element-populated\">\n\t\t\t\t\t\t<div class=\"elementor-element elementor-element-807b0ce elementor-widget elementor-widget-image\" data-id=\"807b0ce\" data-element_type=\"widget\" data-widget_type=\"image.default\">\n\t\t\t\t<div class=\"elementor-widget-container\">\n\t\t\t<style>\/*! elementor - v3.21.0 - 26-05-2024 *\/\n.elementor-widget-image{text-align:center}.elementor-widget-image a{display:inline-block}.elementor-widget-image a img[src$=\".svg\"]{width:48px}.elementor-widget-image img{vertical-align:middle;display:inline-block}<\/style>\t\t\t\t\t\t\t\t\t\t<img fetchpriority=\"high\" decoding=\"async\" width=\"462\" height=\"227\" src=\"https:\/\/mpmindustries.eu\/wp-content\/uploads\/2023\/05\/mpm-logo-white-1.png\" class=\"attachment-large size-large wp-image-4441\" alt=\"\" \/>\t\t\t\t\t\t\t\t\t\t\t\t\t<\/div>\n\t\t\t\t<\/div>\n\t\t\t\t\t<\/div>\n\t\t<\/div>\n\t\t\t\t\t<\/div>\n\t\t<\/section>\n\t\t\t\t<section class=\"elementor-section elementor-top-section elementor-element elementor-element-b04d29a elementor-section-boxed elementor-section-height-default elementor-section-height-default\" data-id=\"b04d29a\" data-element_type=\"section\">\n\t\t\t\t\t\t<div class=\"elementor-container elementor-column-gap-default\">\n\t\t\t\t\t<div class=\"elementor-column elementor-col-100 elementor-top-column elementor-element elementor-element-b40c3a8\" data-id=\"b40c3a8\" data-element_type=\"column\">\n\t\t\t<div class=\"elementor-widget-wrap elementor-element-populated\">\n\t\t\t\t\t\t<div class=\"elementor-element elementor-element-a400b8b elementor-widget__width-initial elementor-widget elementor-widget-text-editor\" data-id=\"a400b8b\" data-element_type=\"widget\" data-widget_type=\"text-editor.default\">\n\t\t\t\t<div class=\"elementor-widget-container\">\n\t\t\t<style>\/*! elementor - v3.21.0 - 26-05-2024 *\/\n.elementor-widget-text-editor.elementor-drop-cap-view-stacked .elementor-drop-cap{background-color:#69727d;color:#fff}.elementor-widget-text-editor.elementor-drop-cap-view-framed .elementor-drop-cap{color:#69727d;border:3px solid;background-color:transparent}.elementor-widget-text-editor:not(.elementor-drop-cap-view-default) .elementor-drop-cap{margin-top:8px}.elementor-widget-text-editor:not(.elementor-drop-cap-view-default) .elementor-drop-cap-letter{width:1em;height:1em}.elementor-widget-text-editor .elementor-drop-cap{float:left;text-align:center;line-height:1;font-size:50px}.elementor-widget-text-editor .elementor-drop-cap-letter{display:inline-block}<\/style>\t\t\t\t<p><!-- wp:heading --><\/p>\n<div style=\"text-align: center;\">\n<h1>Privatumo politika<\/h1>\n<\/div>\n<div>\n<div>\n<h6>\u00a0<b>MPM INTERNATIONAL<\/b>, esame \u012fsipareigoj\u0119 u\u017etikrinti j\u016bs\u0173, savo klient\u0173 ir kit\u0173 duomen\u0173 subjekt\u0173 asmens duomen\u0173 apsaug\u0105, tod\u0117l tvarkydami asmens duomenis laikom\u0117s asmens duomen\u0173 teisin\u0119 apsaug\u0105 reglamentuojan\u010di\u0173 teis\u0117s akt\u0173 nuostat\u0173 ir imam\u0117s vis\u0173 b\u016btin\u0173 priemoni\u0173, kad u\u017ekirstume keli\u0105 galimiems asmens duomen\u0173 apsaugos pa\u017eeidimams.<\/h6>\n<div>\u00a0<\/div>\n<h5>Kas yra slapukai?<\/h5>\n<div>Slapukai - tai nedidelis tekstinis failas, siun\u010diami \u012f j\u016bs\u0173 \u012frengin\u012f, kai lankot\u0117s svetain\u0117je. Slapukai padeda mums atpa\u017einti j\u016bs\u0173 \u012frengin\u012f ir tobulinti m\u016bs\u0173 svetain\u0117s funkcionalum\u0105 bei palengvinti naudojim\u0105si ja. Slapukai n\u0117ra virusai. Slapuk\u0173 naudojimas yra visi\u0161kai saugus j\u016bs\u0173 \u012frenginiams ir juose esan\u010diai informacijai.<\/div>\n<\/div>\n<div>\u00a0<\/div>\n<div>\n<h5>Kod\u0117l naudojame slapukus?<\/h5>\n<p>Naudojame slapukus, kad pagerintume savo svetain\u0117s ir mobiliosios program\u0117l\u0117s funkcionalum\u0105 ir palengvintume naudojim\u0105si ja. Taip pat naudojame slapukus, kad gal\u0117tume suasmeninti j\u016bs\u0173 nar\u0161ymo patirt\u012f ir rodom\u0105 turin\u012f bei pateikti jums aktualius pasi\u016blymus. Slapukus naudojame j\u016bs\u0173 nar\u0161ymo istorijai analizuoti ir \u0161iuos duomenis naudojame tam, kad gal\u0117tum\u0117te naudotis m\u016bs\u0173 paslaugomis, statistin\u0117s analiz\u0117s tikslais ir kad gal\u0117tume jums teikti komercinius ir reklaminius pasi\u016blymus. J\u016bs\u0173 personalizuoti nar\u0161ymo duomenys, kuri\u0173 negalima identifikuoti, gali b\u016bti perduoti reklamos paslaug\u0173 partneriams.<\/p>\n<h5>Kokius slapukus naudojame?<\/h5>\n<p>Techniniai slapukai. Techniniai slapukai padeda rodyti svetain\u0117s ir mobiliosios program\u0117l\u0117s turin\u012f j\u016bs\u0173 \u012frenginyje.<\/p>\n<p>Naudojame techninius slapukus, kad u\u017etikrintume svetain\u0117s ir mobiliosios program\u0117l\u0117s funkcionalum\u0105 ir pritaikytume j\u0105 prie j\u016bs\u0173 poreiki\u0173, pavyzd\u017eiui, pritaikytume svetain\u0117s rodin\u012f prie j\u016bs\u0173 ekrano dyd\u017eio.<br \/>Techniniai slapukai yra b\u016btini tinkamam svetain\u0117s ir mobiliosios program\u0117l\u0117s veikimui u\u017etikrinti. Be j\u0173 ne\u012fmanoma visapusi\u0161kai naudotis m\u016bs\u0173 svetaine ir mobili\u0105ja program\u0117le.<br \/>Techniniai slapukai taip pat u\u017etikrina, kad jei dav\u0117te sutikim\u0105, jums nereik\u0117s to daryti i\u0161 naujo kiekvien\u0105 kart\u0105 apsilankius m\u016bs\u0173 svetain\u0117je ar mobiliojoje program\u0117l\u0117je.<\/p>\n<p>\u0160ie slapukai nerenka informacijos apie jus, kuri b\u016bt\u0173 naudojama pardavimams ar rinkodarai.<\/p>\n<ul>\n<li>Funkciniai slapukai<\/li>\n<\/ul>\n<p>Funkciniai slapukai skirti svetain\u0117s ir mobiliosios program\u0117l\u0117s funkcionalumui gerinti ir tam, kad svetaine ir mobili\u0105ja program\u0117le b\u016bt\u0173 patogu ir efektyvu naudotis.<\/p>\n<p>Funkciniai slapukai gali b\u016bti naudojami j\u016bs\u0173 pasirinktos interneto svetain\u0117s ar mobiliosios program\u0117l\u0117s kalbai i\u0161saugoti ir, jei pageidaujate, funkciniai slapukai padeda automati\u0161kai \u012fsiminti j\u016bs\u0173 registracijos duomenis, i\u0161saugoti pirkini\u0173 krep\u0161el\u012f ir atlikti pana\u0161ias funkcijas, padedan\u010dias veikti j\u016bs\u0173 pasirinktai interneto svetainei ir mobiliajai program\u0117lei. \u0160ie slapukai nerenka informacijos apie jus, kuri b\u016bt\u0173 naudojama pardavimams ar rinkodarai.<\/p>\n<ul>\n<li>Analitiniai slapukai.<\/li>\n<\/ul>\n<p>Analitinius slapukus naudojame tam, kad geriau pa\u017eintume savo svetain\u0117s ir mobiliosios program\u0117l\u0117s lankytojus ir gal\u0117tume pritaikyti svetain\u0117s ir mobiliosios program\u0117l\u0117s veikim\u0105 pagal j\u016bs\u0173 poreikius ir pageidavimus. Analitiniai slapukai padeda mums analizuoti, k\u0105 darome teisingai ir k\u0105 reikia tobulinti.<\/p>\n<p>Analitiniai slapukai taip pat padeda mums gerinti savo veikl\u0105 ir u\u017etikrinti, kad j\u016bs\u0173 apsilankymas m\u016bs\u0173 svetain\u0117je ar mobiliojoje program\u0117l\u0117je b\u016bt\u0173 naudingas ir jums aktualus. Analitiniais slapukais renkama informacija yra bendra ir n\u0117ra personalizuota. I\u0161 analitini\u0173 slapuk\u0173 gauta informacija gali b\u016bti naudojama populiariausioms per\u017ei\u016brimoms prek\u0117ms rodyti, informacijai apie \u0161iuo metu turimas aktualiausias prekes pateikti ir kitai naudingai informacijai, kai nar\u0161ote. Analitiniai slapukai taip pat gali b\u016bti naudojami m\u016bs\u0173 reklamos kampanij\u0173 tikslingumui \u012fvertinti.<\/p>\n<ul>\n<li>Tiksliniai (komerciniai) slapukai<\/li>\n<\/ul>\n<p>Tikslinius (komercinius) slapukus naudojame siekdami suasmeninti j\u016bs\u0173 nar\u0161ymo patirt\u012f ir rodom\u0105 turin\u012f bei pateikti jums aktualius pasi\u016blymus. Tiksliniai slapukai analizuoja j\u016bs\u0173 nar\u0161ymo istorij\u0105 ir naudoja \u0161iuos duomenis, kad pateikt\u0173 jums komercini\u0173 pasi\u016blym\u0173. Pavyzd\u017eiui, kai perkate mobil\u0173j\u012f telefon\u0105, galime pasi\u016blyti jums tinkam\u0105 telefono d\u0117kl\u0105. J\u016bs\u0173 personalizuoti nar\u0161ymo duomenys, kuri\u0173 negalima identifikuoti, gali b\u016bti perduoti reklamos paslaug\u0173 partneriams.<\/p>\n<h5>Tre\u010di\u0173j\u0173 \u0161ali\u0173 naudojami slapukai<\/h5>\n<p>Kruop\u0161\u010diai patikrinome ir atrinkome partneri\u0173, kurie \u012fdieg\u0117 papildomus slapukus, neturin\u010dius prieigos prie j\u016bs\u0173 asmens duomen\u0173 ir nesusijusius su konkre\u010diu asmeniu, ta\u010diau leid\u017eian\u010dius mums u\u017etikrinti skland\u0173 paslaugos teikim\u0105, s\u0105ra\u0161\u0105. Pavyzd\u017eiui, tai leid\u017eia jums anonimi\u0161kai palikti komentar\u0105 ar atsiliepim\u0105 apie m\u016bs\u0173 paslaugas, kur\u012f analizuojame padedami savo partneri\u0173.<\/p>\n<h5>Kaip valdyti slapuk\u0173 nustatymus?<\/h5>\n<p>Slapukus galite tvarkyti naudodami savo naudojamos nar\u0161ykl\u0117s nustatymus ir pasirinkdami, kuriuos slapukus norite priimti, o kuriuos i\u0161trinti. Galite bet kada atsisakyti slapuk\u0173 i\u0161trindami juos i\u0161 nar\u0161ykl\u0117s, kurioje jie \u012fdiegti. Slapuk\u0173 valdymo vieta priklauso nuo j\u016bs\u0173 naudojamos nar\u0161ykl\u0117s. Jei norite su\u017einoti daugiau apie tai, kaip valdyti arba pa\u0161alinti nar\u0161ykl\u0117je \u012fdiegtus slapukus, apsilankykite naudojamos nar\u0161ykl\u0117s tinklalapyje arba per\u017ei\u016br\u0117kite trump\u0105 populiariausi\u0173 nar\u0161ykli\u0173 vadov\u0105 \u010dia: \"Chrome\"; \"Mozilla\", \"Edge\"; \"Safari\"; \"Opera\".<\/p>\n<p>\u00a0<\/p>\n<h5>Kas yra asmens duomenys?<\/h5>\n<p>Asmens duomenys - tai bet kokia informacija, susijusi su fiziniu asmeniu, duomen\u0173 subjektu, kuris yra \u017einomas arba kurio tapatyb\u0117 gali b\u016bti tiesiogiai ar netiesiogiai nustatyta naudojant tam tikrus duomenis (pavyzd\u017eiui, vard\u0105, pavard\u0119, adres\u0105, telefono numer\u012f ir t. t.). Tam tikri asmens duomenys mums reikalingi, kad gal\u0117tume vykdyti savo \u012fsipareigojimus. Castle Laundry \u012fsipareigoja rinkti ir tvarkyti asmens duomenis tik tuo atveju ir tokia apimtimi, kiek tai b\u016btina konkre\u010diam, apibr\u0117\u017etam ir teis\u0117tam tikslui pasiekti.<\/p>\n<\/div>\n<\/div>\n<p>Kada ir kaip renkame j\u016bs\u0173 informacij\u0105?<\/p>\n<p>Asmenin\u0119 informacij\u0105 renkame \u0161iais atvejais:<br \/>- kai teikiame paslaugas savo klientams;<br \/>- kai u\u017esisakote paslaugas i\u0161 m\u016bs\u0173;<br \/>- kai naudojat\u0117s m\u016bs\u0173 svetaine.\u00a0<a href=\"https:\/\/mpmindustries.eu\/lt\/\"><b>https:\/\/mpmindustries.eu<\/b><\/a>;<br \/>- kai kreipiat\u0117s \u012f mus su skundu ar u\u017eklausa;<br \/>- kai bendraujate su mumis socialiniuose tinkluose.<\/p>\n<h5>Koki\u0105 informacij\u0105 renkame?<\/h5>\n<ul>\n<li>Informacija, kuri\u0105 mums pateikiate.<\/li>\n<\/ul>\n<p>Kai kreipiat\u0117s \u012f mus pra\u0161ydami m\u016bs\u0173 paslaug\u0173, pra\u0161ome pateikti tiksli\u0105 ir b\u016btin\u0105 informacij\u0105, kad gal\u0117tume atsakyti \u012f j\u016bs\u0173 u\u017eklaus\u0105. Kai mums pateikiate savo asmenin\u0119 informacij\u0105, mes j\u0105 naudojame rinkimo metu nurodytais tikslais arba tikslais, kurie yra akivaizd\u016bs rinkimo kontekste.<\/p>\n<p>Teikdami min\u0117tas paslaugas savo klientams, galime rinkti toki\u0105 asmenin\u0119 informacij\u0105, kaip antai:<br \/>- Kontaktiniai duomenys, tokie kaip vardas ir pavard\u0117, el. pa\u0161to adresas, gyvenamosios vietos adresas, telefono numeris;<br \/>- informacija apie tai, kokius naujienlai\u0161kius nor\u0117tum\u0117te gauti;<br \/>- kit\u0105 svarbi\u0105 informacij\u0105, pavyzd\u017eiui, pareig\u0173 pavadinim\u0105, kalb\u0105, pa\u0161to kod\u0105, vietov\u0119 ir laiko juost\u0105, kurioje gyvenate.<\/p>\n<p>Nerenkame joki\u0173 speciali\u0173 asmens duomen\u0173, nebent tai b\u016btina. Ypatingi asmens duomenys apima duomenis, susijusius su rasine ar etnine kilme, politin\u0117mis pa\u017ei\u016bromis, religiniais ar filosofiniais \u012fsitikinimais, naryste profesin\u0117se s\u0105jungose, sveikata, lytiniu gyvenimu.<\/p>\n<p>Jei pateikiate mums savo neskelbtinus asmens duomenis, patvirtinate, kad suprantate savo veiksmus ir duodate ai\u0161k\u0173 sutikim\u0105 rinkti, naudoti ir atskleisti tokius duomenis tre\u010diosioms \u0161alims \u0161iame prane\u0161ime nurodytais tikslais. Jei pateikiate mums asmenin\u0119 informacij\u0105 apie kitus asmenis, pavyzd\u017eiui, savo darbuotojus ar i\u0161laikytinius, prie\u0161 pateikdami \u0161i\u0105 informacij\u0105 mums, turite gauti j\u0173 sutikim\u0105.<\/p>\n<div>\n<h5>Socialiniai tinklai<\/h5>\n<p>Galite susisiekti su mumis naudodamiesi socialiniais tinklais arba per socialini\u0173 tinkl\u0173 integracij\u0105 m\u016bs\u0173 svetain\u0117je. Kai su mumis susisiekiate tre\u010di\u0173j\u0173 \u0161ali\u0173 socialiniuose tinkluose arba naudojat\u0117s svetain\u0117je integruotomis socialini\u0173 tinkl\u0173 funkcijomis, suteikiate mums prieig\u0105 prie tam tikros informacijos apie savo socialinio tinklo paskyr\u0105 (pavyzd\u017eiui, savo vardo ir pavard\u0117s, el. pa\u0161to adreso, nuotraukos, lyties, gimimo datos, \u017einu\u010di\u0173 ar m\u0117gstam\u0173 puslapi\u0173).<\/p>\n<p>If you post information when interacting with us on social networks or using social networking integrations, depending on the privacy preferences you have chosen, the information you post may be made publicly available on the Internet. In some social networks, you can control what information you post is made public.<\/p>\n<h5>Kaip naudojame j\u016bs\u0173 asmenin\u0119 informacij\u0105?<\/h5>\n<p>Toliau pateikiama tiksl\u0173, kuriais tvarkome j\u016bs\u0173 asmenin\u0119 informacij\u0105, santrauka. Daugiau informacijos apie tai, koki\u0105 informacij\u0105 renkame kiekvienai m\u016bs\u0173 paslaugai, taip pat informacijos apie rinkimo tiksl\u0105 ir teisin\u012f pagrind\u0105 rasite toliau.<\/p>\n<\/div>\n<p>Paslaug\u0173 teikimas klientams.<\/p>\n<p>Mes tvarkome klient\u0173 pateikt\u0105 asmenin\u0119 informacij\u0105, kad gal\u0117tume teikti profesionalias \u017einiatinklio svetaini\u0173 k\u016brimo paslaugas. Konkretus tikslas, kuriuo tvarkome j\u016bs\u0173 asmenin\u0119 informacij\u0105, priklauso nuo m\u016bs\u0173 teikiam\u0173 paslaug\u0173 tipo ir apimties, taip pat nuo taikom\u0173 \u012fstatym\u0173, reguliavimo gairi\u0173 ir profesini\u0173 standart\u0173. J\u016bs\u0173 informacij\u0105 taip pat galime tvarkyti, kai \u012f mus kreipiasi juridinis asmuo kaip \u012f klient\u0105, kai esate kliento darbuotojas arba kitaip susij\u0119s su klientu. Tokiu atveju klientas turi u\u017etikrinti, kad j\u016bs b\u016btum\u0117te informuoti apie j\u016bs\u0173 asmenin\u0117s informacijos perdavim\u0105 mums arba m\u016bs\u0173 paslaug\u0173 teik\u0117jams ir verslo partneriams.<\/p>\n<ul>\n<li>klient\u0173 u\u017eklaus\u0173 administravimas.<\/li>\n<\/ul>\n<p>Klient\u0173 ir j\u0173 atstov\u0173 asmenin\u0119 informacij\u0105 tvarkome siekdami:<br \/>- Atlikti tapatyb\u0117s nustatymo ir patikrinimo proced\u016bras prie\u0161 teikiant paslaugas;<br \/>- bendrauti su klientu, teikti ir administruoti paslaugas bei u\u017etikrinti apmok\u0117jim\u0105 u\u017e paslaugas;<br \/>- tvarkyti klient\u0173 skundus ir u\u017eklausas.<\/p>\n<ul>\n<li>Bendravimas su klientais ir potencialiais klientais bei reklamini\u0173 prane\u0161im\u0173 siuntimas.<\/li>\n<\/ul>\n<p>Klient\u0173 ir j\u0173 atstov\u0173 asmenin\u0119 informacij\u0105 tvarkome siekdami:<br \/>- bendrauti su klientais d\u0117l teikiam\u0173, planuojam\u0173 ar si\u016blom\u0173 paslaug\u0173;<br \/>- si\u0173sti klientams naujienlai\u0161kius, nauding\u0105 informacij\u0105, reklaminius prane\u0161imus ir kitus rinkodaros prane\u0161imus;<br \/>- kviesti klientus \u012f renginius (arba organizuoti ir valdyti tokius renginius).<\/p>\n<h5>Kiek laiko saugome asmenin\u0119 informacij\u0105?<\/h5>\n<p>Laikotarpis, kur\u012f saugome j\u016bs\u0173 asmenin\u0119 informacij\u0105, priklauso nuo tikslo, kuriuo duomenys buvo gauti, ir nuo duomen\u0173 kategorijos. J\u016bs\u0173 asmenin\u0117s informacijos nelaikome ilgiau, nei b\u016btina \u0161iame prane\u0161ime nurodytiems tikslams pasiekti, nebent ilgesnio saugojimo laikotarpio reikalauja teis\u0117s aktai. Esame \u012fdieg\u0119 tinkamas priemones, kad j\u016bs\u0173 asmenin\u0117 informacija b\u016bt\u0173 laiku, saugiai ir nuosekliai sunaikinta, kai ji nebereikalinga.<\/p>\n<p>Tam tikrais atvejais j\u016bs\u0173 asmenin\u0119 informacij\u0105 galime saugoti ilgiau, kad tur\u0117tume tiksli\u0105 informacij\u0105 apie j\u016bs\u0173 santykius su mumis, spr\u0119stume galimus skundus ir gin\u010dus arba jei pagr\u012fstai manome, kad d\u0117l j\u016bs\u0173 asmenin\u0117s informacijos ar santyki\u0173 su mumis kyla bylin\u0117jimosi gr\u0117sm\u0117.<\/p>\n<h5>Susisiekite<\/h5>\n<p>Jei turite koki\u0173 nors pra\u0161ym\u0173, skund\u0173 ar kit\u0173 klausim\u0173, nedvejodami kreipkit\u0117s \u012f m\u016bs\u0173 duomen\u0173 apsaugos pareig\u016bn\u0105 adresu\u00a0<a style=\"font-style: var(--fontStyle,inherit); letter-spacing: var(--letterSpacing); text-transform: var(--textTransform);\" href=\"mailto:info@mpminternational.eu\" target=\"_blank\" rel=\"noopener\"><b>info@mpminternational.eu<\/b><\/a><\/p>\n<p>Taip pat turite teis\u0119 kreiptis \u012f Valstybin\u0119 duomen\u0173 apsaugos inspekcij\u0105, A. Juozapavi\u010diaus g. 6, 09310 Vilnius, tel. (8 5) 271 2804, 279 1445, faks. (8 5) 261 9494, el. pa\u0161tas\u00a0<b><a href=\"mailto:ada@ada.lt\" target=\"_blank\" rel=\"noopener\">ada@ada.lt<\/a>.<\/b><\/p>\n<p><!-- \/wp:paragraph --><\/p>\t\t\t\t\t\t<\/div>\n\t\t\t\t<\/div>\n\t\t\t\t\t<\/div>\n\t\t<\/div>\n\t\t\t\t\t<\/div>\n\t\t<\/section>\n\t\t\t\t<\/div>","protected":false},"excerpt":{"rendered":"<p>Privatumo politika \"MPM INTERNATIONAL\" yra \u012fsipareigojusi u\u017etikrinti j\u016bs\u0173, savo klient\u0173 ir kit\u0173 duomen\u0173 subjekt\u0173, asmens duomen\u0173 apsaug\u0105, tod\u0117l, tvarkydami asmens duomenis, mes [...]<\/p>","protected":false},"author":1,"featured_media":0,"parent":0,"menu_order":0,"comment_status":"closed","ping_status":"closed","template":"elementor_header_footer","meta":{"_acf_changed":false,"om_disable_all_campaigns":false,"_monsterinsights_skip_tracking":false,"_monsterinsights_sitenote_active":false,"_monsterinsights_sitenote_note":"","_monsterinsights_sitenote_category":0,"footnotes":""},"rishi__cb_customizer_meta":"","acf":[],"aioseo_notices":[],"jetpack_sharing_enabled":true,"_links":{"self":[{"href":"https:\/\/mpmindustries.eu\/lt\/wp-json\/wp\/v2\/pages\/4004"}],"collection":[{"href":"https:\/\/mpmindustries.eu\/lt\/wp-json\/wp\/v2\/pages"}],"about":[{"href":"https:\/\/mpmindustries.eu\/lt\/wp-json\/wp\/v2\/types\/page"}],"author":[{"embeddable":true,"href":"https:\/\/mpmindustries.eu\/lt\/wp-json\/wp\/v2\/users\/1"}],"replies":[{"embeddable":true,"href":"https:\/\/mpmindustries.eu\/lt\/wp-json\/wp\/v2\/comments?post=4004"}],"version-history":[{"count":13,"href":"https:\/\/mpmindustries.eu\/lt\/wp-json\/wp\/v2\/pages\/4004\/revisions"}],"predecessor-version":[{"id":5652,"href":"https:\/\/mpmindustries.eu\/lt\/wp-json\/wp\/v2\/pages\/4004\/revisions\/5652"}],"wp:attachment":[{"href":"https:\/\/mpmindustries.eu\/lt\/wp-json\/wp\/v2\/media?parent=4004"}],"curies":[{"name":"wp","href":"https:\/\/api.w.org\/{rel}","templated":true}]}}